{"id":11,"date":"2013-06-07T09:26:23","date_gmt":"2013-06-07T09:26:23","guid":{"rendered":"http:\/\/juanjomena.korpoweb.com\/?page_id=11"},"modified":"2025-06-05T08:48:37","modified_gmt":"2025-06-05T08:48:37","slug":"biografia","status":"publish","type":"page","link":"https:\/\/juanjomena.com\/eu\/biografia\/","title":{"rendered":"Biografia"},"content":{"rendered":"<p><\/p>\n<h2>Juanjo Mena, Director de orquesta<\/h2>\n<p><a href=\"\/wp-content\/uploads\/2013\/07\/bio1.jpg\"><img loading=\"lazy\" decoding=\"async\" class=\"size-full wp-image-58 alignright\" src=\"\/wp-content\/uploads\/2013\/07\/bio1.jpg\" alt=\"bio1\" width=\"309\" height=\"443\" \/><\/a>Juanjo Mena comenz\u00f3 su carrera como director art\u00edstico de la Orquesta Sinf\u00f3nica de Bilbao en 1999. Su extraordinario talento pronto fue reconocido internacionalmente, siendo nombrado Director Principal Invitado de la Filarm\u00f3nica de Bergen, Director Principal Invitado de la Orquesta del Teatro Carlo Felice en G\u00e9nova y Director Asociado de la Orquesta Nacional de Espa\u00f1a. En 2011 se alz\u00f3 con la titularidad  de la BBC Philharmonic, que dirigi\u00f3 durante siete temporadas, llevando a la orquesta en giras por Europa y Asia, dirigiendo conciertos televisados anualmente desde el Royal Albert Hall, como parte de los BBC Proms. Su trabajo en la BBC cont\u00f3 con conciertos particularmente \u201cemocionantes\u201d (<em>The Guardian<\/em>) de las Sinfon\u00edas de Bruckner o de un ciclo de Sinfon\u00edas de Schubert, y estableci\u00f3 nuevos est\u00e1ndares para la interpretaci\u00f3n del repertorio espa\u00f1ol y sudamericano, tanto el m\u00e1s interpretado como el menos conocido. Hasta 2023 fue Director Titular del May Festival de Cincinnati, el festival coral con m\u00e1s amplia trayectoria en Norteam\u00e9rica, ampliando el alcance de esta legendaria organizaci\u00f3n con nuevos encargos y mayor implicaci\u00f3n social.<br \/>\n<\/span><\/p>\n<p>Como Director invitado, Juanjo Mena es un artista muy cotizado. Ha  dirigido las m\u00e1s prestigiosas formaciones de Europa, incluidas la Filarm\u00f3nica de Berl\u00edn, la Orquesta de la Radio de Baviera, la Orquesta Gewandhaus de Leipzig, la Filarm\u00f3nica de Londres, la Filarm\u00f3nica de Oslo, la Filarm\u00f3nica de Rotterdam, la Orquesta Sinf\u00f3nica Nacional Danesa, la Orquesta Sinf\u00f3nica de la Radio Sueca, la Orquesta Nacional de Francia, Orquesta Filarm\u00f3nica della Scala, Tonhalle Orchester Z\u00fcrich, Orquesta Sinf\u00f3nica de Bamberg y  las Orquestas Filarm\u00f3nicas de Dresde y Bergen,  entre muchas otras. Colabora habitualmente con las m\u00e1s agrupaciones sinf\u00f3nicas m\u00e1s importantes de Espa\u00f1a.<\/p>\n<p>Tras su debut en Norteam\u00e9rica con la Sinf\u00f3nica de Baltimore en 2004, ha dirigido la mayor\u00eda de las principales orquestas del continente, incluyendo la Sinf\u00f3nica de Chicago, la Sinf\u00f3nica de Boston, la Orquesta de Cleveland, la Orquesta de Filadelfia, la Filarm\u00f3nica de Nueva York, la Filarm\u00f3nica de Los \u00c1ngeles, la Sinf\u00f3nica de Pittsburgh, la Orquesta de Minnesota, la Orquesta Sinf\u00f3nica Nacional (Washington), la Sinf\u00f3nica de Cincinnati, la Sinf\u00f3nica de Detroit, las Orquestas Sinf\u00f3nicas de Toronto y Montreal. En Asia, dirige asiduamente la NHK Symphony Orchestra en Tokio.<\/p>\n<p>En la temporada 23\/24 Juanjo Mena vuelve a Nueva York para dirigir a la Orquesta del Teatro Real en el Lincoln Center, tras el hist\u00f3rico debut de la orquesta en el Carnegie Hall en septiembre de 2022. Sus pr\u00f3ximos compromisos en Norteam\u00e9rica incluyen proyectos con la Filarm\u00f3nica de Nueva York, con Hilary Hahn como solista, Pittsburgh Symphony, Detroit Symphony y Montreal Symphony. En Europa regresa a dirigir la Orquesta Nacional de Espa\u00f1a, la Orquesta Sinf\u00f3nica de Barcelona y Nacional de Catalu\u00f1a, la G\u00fcrzenich Orchester de Colonia y la BBC Philharmonic, entre otras.<\/p>\n<p>Como director de \u00f3pera ha abordado grandes obras del repertorio rom\u00e1ntico, como <em>Der fliegende Holl\u00e4nder<\/em>, <em>Salome<\/em>, <em>Elektra<\/em>, <em>Ariadne auf Naxos<\/em>, <em>Duke Bluebeard<\/em> o <em>Erwartung<\/em> y producciones como <em>Eugene Onegin<\/em> en G\u00e9nova, <em>La vida breve<\/em> en Madrid, <em>Le nozze di Figaro<\/em> en Lausanne, <em>Billy Budd<\/em> y <em>Fidelio<\/em> en Bilbao.<\/p>\n<p>El \u00faltimo trabajo discogr\u00e1fico de Juanjo Mena es la grabaci\u00f3n de la Sinfon\u00eda n\u00ba 6 de Bruckner junto a la BBC Philharmonic, con el sello Chandos. The Classical Review lo elogi\u00f3 como <em>\u201cintensamente musical\u201d<\/em>, <em>\u201cimpresionante\u201d<\/em> y con un <em>&#8220;sonido espectacular&#8221;<\/em>. La extensa discograf\u00eda de Mena con la BBC Philharmonic en Chandos tambi\u00e9n incluye un exitoso lanzamiento de Gabriel Piern\u00e9, que fue seleccionado como Gramophone <em>Editor\u2019s Choice<\/em>, las Sinfon\u00edas de Weber, las obras orquestales del c\u00e9lebre compositor argentino Ginastera, para conmemorar el centenario de su nacimiento, y nuevas grabaciones de referencia de un repertorio espa\u00f1ol en gran parte poco conocido, incluidas las obras orquestales de  Arriaga, Alb\u00e9niz, Montsalvatge y Turina, as\u00ed como tres discos de obras de Manuel de Falla, incluida su \u00f3pera <em>La Vida Breve<\/em>. En 2012, Juanjo Mena grab\u00f3 la <em>Sinfon\u00eda Turangal\u00eela<\/em> de Messiaen con la Filarm\u00f3nica de Bergen para el sello Hyperion, un disco que <em>\u00abredefine por completo los t\u00e9rminos bajo los cuales las Turangal\u00eelas pasadas, presentes y futuras deben ser juzgadas\u00bb<\/em> (<em>Gramophone<\/em>).<\/p>\n<p>Juanjo Mena estudi\u00f3 direcci\u00f3n con Sergiu Celibidache tras su formaci\u00f3n musical en el Real Conservatorio Superior de Madrid, donde tuvo a Carmelo Bernaola y Enrique Garc\u00eda Asensio como mentores. En 2016 fue galardonado con el Premio Nacional de M\u00fasica de Espa\u00f1a. Vive con su familia en su Pa\u00eds Vasco natal.<\/p>","protected":false},"excerpt":{"rendered":"<p>Juanjo Mena, Director de orquesta Juanjo Mena comenz\u00f3 su carrera como director art\u00edstico de la Orquesta Sinf\u00f3nica de Bilbao en 1999. Su extraordinario talento pronto fue reconocido internacionalmente, siendo nombrado Director Principal Invitado de la Filarm\u00f3nica de Bergen, Director Principal Invitado de la Orquesta del Teatro Carlo Felice en G\u00e9nova y Director Asociado de la [&hellip;]<\/p>\n","protected":false},"author":6,"featured_media":0,"parent":0,"menu_order":0,"comment_status":"open","ping_status":"open","template":"navigation-page.php","meta":{"footnotes":""},"class_list":["post-11","page","type-page","status-publish","hentry"],"_links":{"self":[{"href":"https:\/\/juanjomena.com\/eu\/wp-json\/wp\/v2\/pages\/11"}],"collection":[{"href":"https:\/\/juanjomena.com\/eu\/wp-json\/wp\/v2\/pages"}],"about":[{"href":"https:\/\/juanjomena.com\/eu\/wp-json\/wp\/v2\/types\/page"}],"author":[{"embeddable":true,"href":"https:\/\/juanjomena.com\/eu\/wp-json\/wp\/v2\/users\/6"}],"replies":[{"embeddable":true,"href":"https:\/\/juanjomena.com\/eu\/wp-json\/wp\/v2\/comments?post=11"}],"version-history":[{"count":65,"href":"https:\/\/juanjomena.com\/eu\/wp-json\/wp\/v2\/pages\/11\/revisions"}],"predecessor-version":[{"id":1213,"href":"https:\/\/juanjomena.com\/eu\/wp-json\/wp\/v2\/pages\/11\/revisions\/1213"}],"wp:attachment":[{"href":"https:\/\/juanjomena.com\/eu\/wp-json\/wp\/v2\/media?parent=11"}],"curies":[{"name":"wp","href":"https:\/\/api.w.org\/{rel}","templated":true}]}}