{"id":257,"date":"2013-07-12T08:00:07","date_gmt":"2013-07-12T08:00:07","guid":{"rendered":"http:\/\/juanjomena.korpoweb.com\/?page_id=257"},"modified":"2025-10-04T10:54:50","modified_gmt":"2025-10-04T10:54:50","slug":"contacto","status":"publish","type":"page","link":"https:\/\/juanjomena.com\/en\/contacto\/","title":{"rendered":"Contact"},"content":{"rendered":"<p><\/p>\n<div id=\"contacts\">\n<div class=\"row\">\n<div class=\"contact\">\n<div class=\"inner\"><span class=\"name\">Linda Petr\u00edkov\u00e1<\/span><br \/>\n<a href=\"https:\/\/imgartists.com\/roster\/juanjo-mena\/\" target=\"_blank\" rel=\"noopener noreferrer\">IMG Artists<\/a><br \/>\n+1 212 994 3512<br \/>\n<span class=\"mail\">lpetrikova@imgartists.com<\/span><br \/>\nGeneral Management<\/div>\n<\/div>\n<div class=\"contact\">\n<div class=\"inner\"><span class=\"name\">Humberto Or\u00e1n<\/span><br \/>\n<a href=\"http:\/\/musiespana.com\" target=\"_blank\" rel=\"noopener noreferrer\">Musiespa\u00f1a<\/a><br \/>\n+34 91 591 32 90<br \/>\n<span class=\"mail\">humberto.oran@musiespana.com<\/span><br \/>\nSpain &amp; Portugal<\/div>\n<\/div>\n<div class=\"contact\">\n<div class=\"inner\"><span class=\"name\">Yuji Arai<\/span><br \/>\n<a href=\"https:\/\/www.amati-tokyo.com\/artist\/conductor\/post_111.php\" target=\"_blank\" rel=\"noopener noreferrer\">Amati Inc.<\/a><br \/>\n<span class=\"mail\">yuji.arai@amati-tokyo.com<\/span><br \/>\nJapan<\/div>\n<\/div>\n<div class=\"contact\">\n<div class=\"inner\"><span class=\"name\">Georgina Williamson<\/span><br \/>\n<span style=\"line-height: 1.6em;\">Personal Assistant<br \/>\n<span class=\"mail\">georginawilliamson@juanjomena.com<\/span> <\/span><\/div>\n<\/div>\n<\/div>\n<\/div>\n<p><\/p>","protected":false},"excerpt":{"rendered":"<p>Linda Petr\u00edkov\u00e1 IMG Artists +1 212 994 3512 lpetrikova@imgartists.com General Management Humberto Or\u00e1n Musiespa\u00f1a +34 91 591 32 90 humberto.oran@musiespana.com Spain &amp; Portugal Yuji Arai Amati Inc. yuji.arai@amati-tokyo.com Japan Georgina Williamson Personal Assistant georginawilliamson@juanjomena.com<\/p>\n","protected":false},"author":6,"featured_media":0,"parent":0,"menu_order":0,"comment_status":"closed","ping_status":"closed","template":"","meta":{"footnotes":""},"class_list":["post-257","page","type-page","status-publish","hentry"],"_links":{"self":[{"href":"https:\/\/juanjomena.com\/en\/wp-json\/wp\/v2\/pages\/257"}],"collection":[{"href":"https:\/\/juanjomena.com\/en\/wp-json\/wp\/v2\/pages"}],"about":[{"href":"https:\/\/juanjomena.com\/en\/wp-json\/wp\/v2\/types\/page"}],"author":[{"embeddable":true,"href":"https:\/\/juanjomena.com\/en\/wp-json\/wp\/v2\/users\/6"}],"replies":[{"embeddable":true,"href":"https:\/\/juanjomena.com\/en\/wp-json\/wp\/v2\/comments?post=257"}],"version-history":[{"count":120,"href":"https:\/\/juanjomena.com\/en\/wp-json\/wp\/v2\/pages\/257\/revisions"}],"predecessor-version":[{"id":1218,"href":"https:\/\/juanjomena.com\/en\/wp-json\/wp\/v2\/pages\/257\/revisions\/1218"}],"wp:attachment":[{"href":"https:\/\/juanjomena.com\/en\/wp-json\/wp\/v2\/media?parent=257"}],"curies":[{"name":"wp","href":"https:\/\/api.w.org\/{rel}","templated":true}]}}